{"id":125,"date":"2014-12-20T10:44:58","date_gmt":"2014-12-20T10:44:58","guid":{"rendered":"http:\/\/test2.krcmaulesa.cz\/?page_id=125"},"modified":"2026-01-16T14:01:32","modified_gmt":"2026-01-16T13:01:32","slug":"rozvoz","status":"publish","type":"page","link":"https:\/\/www.bistroujendy.cz\/?page_id=125","title":{"rendered":"Rozvoz"},"content":{"rendered":"<p style=\"text-align: left;\">Nab\u00edz\u00edme rozvoz pizzy do lokalit St\u0159eln\u00e1, Ko\u0161\u0165any, Hrob, Mikulov, Osek, H\u00e1j u Duchcova, Duchcov, Dub\u00ed, Probo\u0161tov<\/p>\n<p style=\"text-align: left;\">Objedn\u00e1vky p\u0159ij\u00edm\u00e1me na telefonn\u00edm \u010d\u00edsle <a href=\"tel:+420603810793\">+420 603 810 793<\/a><\/p>\n<p><strong> Moment\u00e1ln\u011b <span style=\"color: #008000;\">ROZV\u00c1\u017d\u00cdME \u2192<\/span><\/strong><span style=\"color: #008000;\"><span style=\"color: #000000;\"><strong> P\u00e1tek<\/strong> 17:00 &#8211; 20:00 <strong>Sobota a ned\u011ble<\/strong> 11:00 &#8211; 20:00<\/span><\/span><strong>\n<\/strong><strong>\n<\/strong><\/p>\n<p><strong><\/strong>P\u0159\u00edpadn\u011b se m\u016f\u017eete pro svou objedn\u00e1vku stavit u n\u00e1s v <span style=\"color: #008000;\"><strong>ok\u00e9nku, kter\u00e9 je moment\u00e1ln\u011b otev\u0159en\u00e9 \ud83d\ude42 <\/strong><\/span><strong style=\"font-size: revert; color: initial;\">\n<\/strong><\/p>\n<p><em>Posledn\u00ed objedn\u00e1vky p\u0159ij\u00edm\u00e1me do 19:45<\/em><\/p>\n<ul style=\"text-align: left;\">\n<li>Je mo\u017en\u00e9 platit platebn\u00ed kartou<\/li>\n<li>Obalov\u00e9 materi\u00e1ly jsou v cen\u011b<\/li>\n<li>Zpoplatn\u011bn\u00ed rozvozu: Hrob &#8211; 20 K\u010d\u00a0 Ostatn\u00ed &#8211; 40 K\u010d<\/li>\n<\/ul>\n","protected":false},"excerpt":{"rendered":"<p>Nab\u00edz\u00edme rozvoz pizzy do lokalit St\u0159eln\u00e1, Ko\u0161\u0165any, Hrob, Mikulov, Osek, H\u00e1j u Duchcova, Duchcov, Dub\u00ed, Probo\u0161tov Objedn\u00e1vky p\u0159ij\u00edm\u00e1me na telefonn\u00edm \u010d\u00edsle +420 603 810 793 Posledn\u00ed objedn\u00e1vky p\u0159ij\u00edm\u00e1me do 19:45 Je mo\u017en\u00e9 platit platebn\u00ed kartou Obalov\u00e9 materi\u00e1ly jsou v cen\u011b Zpoplatn\u011bn\u00ed rozvozu: Hrob &#8211; 20 K\u010d\u00a0 Ostatn\u00ed &#8211; 40 K\u010d<\/p>\n","protected":false},"author":1,"featured_media":0,"parent":0,"menu_order":3,"comment_status":"closed","ping_status":"closed","template":"full-width-page.php","meta":{"footnotes":""},"class_list":["post-125","page","type-page","status-publish","hentry"],"_links":{"self":[{"href":"https:\/\/www.bistroujendy.cz\/index.php?rest_route=\/wp\/v2\/pages\/125","targetHints":{"allow":["GET"]}}],"collection":[{"href":"https:\/\/www.bistroujendy.cz\/index.php?rest_route=\/wp\/v2\/pages"}],"about":[{"href":"https:\/\/www.bistroujendy.cz\/index.php?rest_route=\/wp\/v2\/types\/page"}],"author":[{"embeddable":true,"href":"https:\/\/www.bistroujendy.cz\/index.php?rest_route=\/wp\/v2\/users\/1"}],"replies":[{"embeddable":true,"href":"https:\/\/www.bistroujendy.cz\/index.php?rest_route=%2Fwp%2Fv2%2Fcomments&post=125"}],"version-history":[{"count":139,"href":"https:\/\/www.bistroujendy.cz\/index.php?rest_route=\/wp\/v2\/pages\/125\/revisions"}],"predecessor-version":[{"id":3872,"href":"https:\/\/www.bistroujendy.cz\/index.php?rest_route=\/wp\/v2\/pages\/125\/revisions\/3872"}],"wp:attachment":[{"href":"https:\/\/www.bistroujendy.cz\/index.php?rest_route=%2Fwp%2Fv2%2Fmedia&parent=125"}],"curies":[{"name":"wp","href":"https:\/\/api.w.org\/{rel}","templated":true}]}}