{"id":2,"date":"2014-08-29T12:48:08","date_gmt":"2014-08-29T10:48:08","guid":{"rendered":"http:\/\/wp.appi.pro\/domains\/wp.appi.pro\/?page_id=2"},"modified":"2026-01-09T13:35:24","modified_gmt":"2026-01-09T12:35:24","slug":"sample-page","status":"publish","type":"page","link":"https:\/\/www.bistroujendy.cz\/","title":{"rendered":"O bistru"},"content":{"rendered":"\n<ul class=\"wp-block-list\">\n<li>Jsme men\u0161\u00ed rodinn\u00e9 bistro z Kr\u00e1lovsk\u00e9ho m\u011bsta Hrob, nach\u00e1zej\u00edc\u00edho se v Kru\u0161n\u00fdch Hor\u00e1ch.<\/li>\n\n\n\n<li>V\u0161e od n\u00e1s je p\u0159ipravov\u00e1no s l\u00e1skou a p\u00e9\u010d\u00ed z \u010derstv\u00fdch surovin.<\/li>\n\n\n\n<li>Specializujeme se p\u0159ev\u00e1\u017en\u011b na pizzy a d\u00e1le na poledn\u00ed nab\u00eddku j\u00eddel.<\/li>\n\n\n\n<li>Cestou kolem se m\u016f\u017eete pot\u011b\u0161it dobrou k\u00e1vou, dom\u00e1c\u00edm dortem, nebo to\u010den\u00fdm pivem a limon\u00e1dou, dle sez\u00f3nn\u00ed nab\u00eddky.<\/li>\n\n\n\n<li>Pl\u00e1nujete svatbu, \u0161kolen\u00ed, ve\u010d\u00edrek \u010di oslavu? Zajist\u00edme V\u00e1m catering. Zab\u00fdv\u00e1me se p\u0159ev\u00e1\u017en\u011b v\u00fdrobou oblo\u017een\u00fdch m\u00eds, chleb\u00ed\u010dk\u016f, kanapek a mini \u0159\u00edze\u010dk\u016f.<\/li>\n<\/ul>\n\n\n\n<p><\/p>\n\n\n\n<p class=\"has-text-align-center has-medium-font-size\"><br><strong>Budeme se na V\u00e1s t\u011b\u0161it<\/strong><\/p>\n\n\n\n<a href=\"https:\/\/www.toplist.cz\"><script language=\"JavaScript\" type=\"text\/javascript\" charset=\"utf-8\">\n<!--\ndocument.write('<img loading=\"lazy\" decoding=\"async\" src=\"https:\/\/toplist.cz\/dot.asp?id=1810539&http='+\nencodeURIComponent(document.referrer)+'&t='+encodeURIComponent(document.title)+'&l='+encodeURIComponent(document.URL)+\n'&wi='+encodeURIComponent(window.screen.width)+'&he='+encodeURIComponent(window.screen.height)+'&cd='+\nencodeURIComponent(window.screen.colorDepth)+'\" width=\"1\" height=\"1\" border=0 alt=\"TOPlist\" \/>');\n\/\/--><\/script><noscript><img loading=\"lazy\" decoding=\"async\" src=\"https:\/\/toplist.cz\/dot.asp?id=1810539&amp;njs=1\" border=\"0\" alt=\"TOPlist\" width=\"1\" height=\"1\"><\/noscript><\/a>\n","protected":false},"excerpt":{"rendered":"<p>Budeme se na V\u00e1s t\u011b\u0161it<\/p>\n","protected":false},"author":1,"featured_media":0,"parent":0,"menu_order":0,"comment_status":"closed","ping_status":"closed","template":"alt-homepage.php","meta":{"footnotes":""},"class_list":["post-2","page","type-page","status-publish","hentry"],"_links":{"self":[{"href":"https:\/\/www.bistroujendy.cz\/index.php?rest_route=\/wp\/v2\/pages\/2","targetHints":{"allow":["GET"]}}],"collection":[{"href":"https:\/\/www.bistroujendy.cz\/index.php?rest_route=\/wp\/v2\/pages"}],"about":[{"href":"https:\/\/www.bistroujendy.cz\/index.php?rest_route=\/wp\/v2\/types\/page"}],"author":[{"embeddable":true,"href":"https:\/\/www.bistroujendy.cz\/index.php?rest_route=\/wp\/v2\/users\/1"}],"replies":[{"embeddable":true,"href":"https:\/\/www.bistroujendy.cz\/index.php?rest_route=%2Fwp%2Fv2%2Fcomments&post=2"}],"version-history":[{"count":184,"href":"https:\/\/www.bistroujendy.cz\/index.php?rest_route=\/wp\/v2\/pages\/2\/revisions"}],"predecessor-version":[{"id":3772,"href":"https:\/\/www.bistroujendy.cz\/index.php?rest_route=\/wp\/v2\/pages\/2\/revisions\/3772"}],"wp:attachment":[{"href":"https:\/\/www.bistroujendy.cz\/index.php?rest_route=%2Fwp%2Fv2%2Fmedia&parent=2"}],"curies":[{"name":"wp","href":"https:\/\/api.w.org\/{rel}","templated":true}]}}