{"id":2384,"date":"2019-10-14T23:20:03","date_gmt":"2019-10-14T21:20:03","guid":{"rendered":"https:\/\/www.bistroujendy.cz\/?page_id=2384"},"modified":"2022-01-27T23:02:57","modified_gmt":"2022-01-27T22:02:57","slug":"telefonni-kontakt-na-odpovedneho-vedouciho-restaurace","status":"publish","type":"page","link":"https:\/\/www.bistroujendy.cz\/?page_id=2384","title":{"rendered":"<span style=\"color: #ffffff;\">T<\/span>"},"content":{"rendered":"<p><html><br \/>\n<body onload=\"countdown()\"><center><\/p>\n<tr>\n<td valign=\"center\">\n<h2>Telefonn\u00ed kontakt bude zobrazen za <span id=\"countdown\" style=\"color:#00612e;\">10<\/span><\/h2>\n<h2 style=\"text-align: center;\"><strong><span style=\"color: #00612e;\">Tento telefonn\u00ed kontakt NESLOU\u017d\u00cd k p\u0159ij\u00edm\u00e1n\u00ed objedn\u00e1vek na rozvoz. <\/span><\/strong><\/h2>\n<h3 style=\"text-align: center;\"><strong><span style=\"color: #00612e;\">Objedn\u00e1vky je mo\u017en\u00e9 realizovat POUZE na \u010d\u00edsle <a href=\"tel:+420603810793\">+420 603 810 793<\/a>.<\/span><\/strong><\/h3>\n<h3 style=\"text-align: center;\"><strong><span style=\"color: #00612e;\">D\u011bkujeme za pochopen\u00ed.<\/span><\/strong><\/h3>\n<\/td>\n<\/tr>\n<\/table>\n<p><\/center><br \/>\n<\/body><br \/>\n<\/html><br \/>\n<head><br \/>\n<script type=\"text\/javascript\">\nvar ss = 30;\nfunction countdown() {\nss = ss-1;\nif (ss<0) {\nwindow.location=\"https:\/\/www.bistroujendy.cz\/?page_id=2360\";\n}\nelse {\ndocument.getElementById(\"countdown\").innerHTML=ss;\nwindow.setTimeout(\"countdown()\", 1000);\n}\n}\n<\/script><br \/>\n<\/head><\/p>\n","protected":false},"excerpt":{"rendered":"<p>Telefonn\u00ed kontakt bude zobrazen za 10 Tento telefonn\u00ed kontakt NESLOU\u017d\u00cd k p\u0159ij\u00edm\u00e1n\u00ed objedn\u00e1vek na rozvoz. Objedn\u00e1vky je mo\u017en\u00e9 realizovat POUZE na \u010d\u00edsle +420 603 810 793. D\u011bkujeme za pochopen\u00ed.<\/p>\n","protected":false},"author":1,"featured_media":0,"parent":0,"menu_order":0,"comment_status":"closed","ping_status":"closed","template":"full-width-page.php","meta":{"footnotes":""},"class_list":["post-2384","page","type-page","status-publish","hentry"],"_links":{"self":[{"href":"https:\/\/www.bistroujendy.cz\/index.php?rest_route=\/wp\/v2\/pages\/2384","targetHints":{"allow":["GET"]}}],"collection":[{"href":"https:\/\/www.bistroujendy.cz\/index.php?rest_route=\/wp\/v2\/pages"}],"about":[{"href":"https:\/\/www.bistroujendy.cz\/index.php?rest_route=\/wp\/v2\/types\/page"}],"author":[{"embeddable":true,"href":"https:\/\/www.bistroujendy.cz\/index.php?rest_route=\/wp\/v2\/users\/1"}],"replies":[{"embeddable":true,"href":"https:\/\/www.bistroujendy.cz\/index.php?rest_route=%2Fwp%2Fv2%2Fcomments&post=2384"}],"version-history":[{"count":34,"href":"https:\/\/www.bistroujendy.cz\/index.php?rest_route=\/wp\/v2\/pages\/2384\/revisions"}],"predecessor-version":[{"id":2766,"href":"https:\/\/www.bistroujendy.cz\/index.php?rest_route=\/wp\/v2\/pages\/2384\/revisions\/2766"}],"wp:attachment":[{"href":"https:\/\/www.bistroujendy.cz\/index.php?rest_route=%2Fwp%2Fv2%2Fmedia&parent=2384"}],"curies":[{"name":"wp","href":"https:\/\/api.w.org\/{rel}","templated":true}]}}