{"id":3388,"date":"2023-03-07T21:18:19","date_gmt":"2023-03-07T20:18:19","guid":{"rendered":"https:\/\/www.bistroujendy.cz\/?page_id=3388"},"modified":"2026-01-09T13:46:41","modified_gmt":"2026-01-09T12:46:41","slug":"na-objednani","status":"publish","type":"page","link":"https:\/\/www.bistroujendy.cz\/?page_id=3388","title":{"rendered":"Na objedn\u00e1n\u00ed"},"content":{"rendered":"\n<p>Jsme V\u00e1m tak\u00e9 schopni p\u0159ipravit ob\u010derstven\u00ed na Va\u0161\u00ed oslavu, nebo jinou ud\u00e1lost. <\/p>\n\n\n\n<p>Objedn\u00e1vky p\u0159ij\u00edm\u00e1me nejpozd\u011bji 5 dn\u00ed p\u0159edem.  <\/p>\n\n\n\n<h2 class=\"wp-block-heading\">SLAN\u00c9<\/h2>\n\n\n\n<p>Kanapky 20 K\u010d \/ 1 ks<\/p>\n\n\n\n<ul class=\"wp-block-list\">\n<li>R\u016fzn\u00e9 druhy<\/li>\n<\/ul>\n\n\n\n<p>Chleb\u00ed\u010dky 28 K\u010d \/ 1ks<\/p>\n\n\n\n<ul class=\"wp-block-list\">\n<li>R\u016fzn\u00e9 druhy<\/li>\n<\/ul>\n\n\n\n<p>Oblo\u017een\u00e1 m\u00edsa 1 kg \/ 2kg :<\/p>\n\n\n\n<ul class=\"wp-block-list\">\n<li>Zeleninov\u00e1 s dipem 400 K\u010d<\/li>\n\n\n\n<li>Sal\u00e1mov\u00e1 500 K\u010d \/ 800 K\u010d<\/li>\n\n\n\n<li>S\u00fdrov\u00e1 500 K\u010d \/ 800 K\u010d<\/li>\n\n\n\n<li>Mix 500 K\u010d \/ 800 K\u010d<\/li>\n<\/ul>\n\n\n\n<p>\u0160nity:<\/p>\n\n\n\n<p>1 kg = 450 K\u010d ( ku\u0159ec\u00ed, vep\u0159ov\u00e9, mix)<\/p>\n\n\n\n<figure class=\"wp-block-gallery has-nested-images columns-default is-cropped wp-block-gallery-1 is-layout-flex wp-block-gallery-is-layout-flex\">\n<figure class=\"wp-block-image size-large\"><a href=\"https:\/\/www.bistroujendy.cz\/wp-content\/uploads\/2023\/03\/IMG_20220811_202746-scaled.jpg\"><img loading=\"lazy\" decoding=\"async\" width=\"1024\" height=\"766\" data-id=\"3392\" src=\"https:\/\/www.bistroujendy.cz\/wp-content\/uploads\/2023\/03\/IMG_20220811_202746-1024x766.jpg\" alt=\"\" class=\"wp-image-3392\" srcset=\"https:\/\/www.bistroujendy.cz\/wp-content\/uploads\/2023\/03\/IMG_20220811_202746-1024x766.jpg 1024w, https:\/\/www.bistroujendy.cz\/wp-content\/uploads\/2023\/03\/IMG_20220811_202746-300x224.jpg 300w, https:\/\/www.bistroujendy.cz\/wp-content\/uploads\/2023\/03\/IMG_20220811_202746-768x574.jpg 768w, https:\/\/www.bistroujendy.cz\/wp-content\/uploads\/2023\/03\/IMG_20220811_202746-1536x1149.jpg 1536w, https:\/\/www.bistroujendy.cz\/wp-content\/uploads\/2023\/03\/IMG_20220811_202746-2048x1532.jpg 2048w\" sizes=\"auto, (max-width: 1024px) 100vw, 1024px\" \/><\/a><\/figure>\n\n\n\n<figure class=\"wp-block-image size-large\"><a href=\"https:\/\/www.bistroujendy.cz\/wp-content\/uploads\/2023\/03\/IMG_20220824_093638-scaled.jpg\"><img loading=\"lazy\" decoding=\"async\" width=\"1024\" height=\"766\" data-id=\"3391\" src=\"https:\/\/www.bistroujendy.cz\/wp-content\/uploads\/2023\/03\/IMG_20220824_093638-1024x766.jpg\" alt=\"\" class=\"wp-image-3391\" srcset=\"https:\/\/www.bistroujendy.cz\/wp-content\/uploads\/2023\/03\/IMG_20220824_093638-1024x766.jpg 1024w, https:\/\/www.bistroujendy.cz\/wp-content\/uploads\/2023\/03\/IMG_20220824_093638-300x224.jpg 300w, https:\/\/www.bistroujendy.cz\/wp-content\/uploads\/2023\/03\/IMG_20220824_093638-768x574.jpg 768w, https:\/\/www.bistroujendy.cz\/wp-content\/uploads\/2023\/03\/IMG_20220824_093638-1536x1149.jpg 1536w, https:\/\/www.bistroujendy.cz\/wp-content\/uploads\/2023\/03\/IMG_20220824_093638-2048x1532.jpg 2048w\" sizes=\"auto, (max-width: 1024px) 100vw, 1024px\" \/><\/a><\/figure>\n\n\n\n<figure class=\"wp-block-image size-large\"><a href=\"https:\/\/www.bistroujendy.cz\/wp-content\/uploads\/2023\/03\/IMG_20220911_102708-scaled.jpg\"><img loading=\"lazy\" decoding=\"async\" width=\"1024\" height=\"766\" data-id=\"3390\" src=\"https:\/\/www.bistroujendy.cz\/wp-content\/uploads\/2023\/03\/IMG_20220911_102708-1024x766.jpg\" alt=\"\" class=\"wp-image-3390\" srcset=\"https:\/\/www.bistroujendy.cz\/wp-content\/uploads\/2023\/03\/IMG_20220911_102708-1024x766.jpg 1024w, https:\/\/www.bistroujendy.cz\/wp-content\/uploads\/2023\/03\/IMG_20220911_102708-300x224.jpg 300w, https:\/\/www.bistroujendy.cz\/wp-content\/uploads\/2023\/03\/IMG_20220911_102708-768x574.jpg 768w, https:\/\/www.bistroujendy.cz\/wp-content\/uploads\/2023\/03\/IMG_20220911_102708-1536x1149.jpg 1536w, https:\/\/www.bistroujendy.cz\/wp-content\/uploads\/2023\/03\/IMG_20220911_102708-2048x1532.jpg 2048w\" sizes=\"auto, (max-width: 1024px) 100vw, 1024px\" \/><\/a><\/figure>\n\n\n\n<figure class=\"wp-block-image size-large\"><a href=\"https:\/\/www.bistroujendy.cz\/wp-content\/uploads\/2023\/03\/IMG_20221216_083342-scaled.jpg\"><img loading=\"lazy\" decoding=\"async\" width=\"1024\" height=\"766\" data-id=\"3395\" src=\"https:\/\/www.bistroujendy.cz\/wp-content\/uploads\/2023\/03\/IMG_20221216_083342-1024x766.jpg\" alt=\"\" class=\"wp-image-3395\" srcset=\"https:\/\/www.bistroujendy.cz\/wp-content\/uploads\/2023\/03\/IMG_20221216_083342-1024x766.jpg 1024w, https:\/\/www.bistroujendy.cz\/wp-content\/uploads\/2023\/03\/IMG_20221216_083342-300x224.jpg 300w, https:\/\/www.bistroujendy.cz\/wp-content\/uploads\/2023\/03\/IMG_20221216_083342-768x574.jpg 768w, https:\/\/www.bistroujendy.cz\/wp-content\/uploads\/2023\/03\/IMG_20221216_083342-1536x1149.jpg 1536w, https:\/\/www.bistroujendy.cz\/wp-content\/uploads\/2023\/03\/IMG_20221216_083342-2048x1532.jpg 2048w\" sizes=\"auto, (max-width: 1024px) 100vw, 1024px\" \/><\/a><\/figure>\n\n\n\n<figure class=\"wp-block-image size-large is-style-default\"><a href=\"https:\/\/www.bistroujendy.cz\/wp-content\/uploads\/2023\/03\/IMG_20230121_120115-scaled.jpg\"><img loading=\"lazy\" decoding=\"async\" width=\"1024\" height=\"766\" data-id=\"3393\" src=\"https:\/\/www.bistroujendy.cz\/wp-content\/uploads\/2023\/03\/IMG_20230121_120115-1024x766.jpg\" alt=\"\" class=\"wp-image-3393\" srcset=\"https:\/\/www.bistroujendy.cz\/wp-content\/uploads\/2023\/03\/IMG_20230121_120115-1024x766.jpg 1024w, https:\/\/www.bistroujendy.cz\/wp-content\/uploads\/2023\/03\/IMG_20230121_120115-300x224.jpg 300w, https:\/\/www.bistroujendy.cz\/wp-content\/uploads\/2023\/03\/IMG_20230121_120115-768x574.jpg 768w, https:\/\/www.bistroujendy.cz\/wp-content\/uploads\/2023\/03\/IMG_20230121_120115-1536x1149.jpg 1536w, https:\/\/www.bistroujendy.cz\/wp-content\/uploads\/2023\/03\/IMG_20230121_120115-2048x1532.jpg 2048w\" sizes=\"auto, (max-width: 1024px) 100vw, 1024px\" \/><\/a><\/figure>\n\n\n\n<figure class=\"wp-block-image size-large is-style-default\"><a href=\"https:\/\/www.bistroujendy.cz\/wp-content\/uploads\/2023\/03\/IMG_20230121_120819_061.webp\"><img loading=\"lazy\" decoding=\"async\" width=\"819\" height=\"1024\" data-id=\"3389\" src=\"https:\/\/www.bistroujendy.cz\/wp-content\/uploads\/2023\/03\/IMG_20230121_120819_061-819x1024.webp\" alt=\"\" class=\"wp-image-3389\" srcset=\"https:\/\/www.bistroujendy.cz\/wp-content\/uploads\/2023\/03\/IMG_20230121_120819_061-819x1024.webp 819w, https:\/\/www.bistroujendy.cz\/wp-content\/uploads\/2023\/03\/IMG_20230121_120819_061-240x300.webp 240w, https:\/\/www.bistroujendy.cz\/wp-content\/uploads\/2023\/03\/IMG_20230121_120819_061-768x960.webp 768w, https:\/\/www.bistroujendy.cz\/wp-content\/uploads\/2023\/03\/IMG_20230121_120819_061.webp 1080w\" sizes=\"auto, (max-width: 819px) 100vw, 819px\" \/><\/a><\/figure>\n\n\n\n<figure class=\"wp-block-image size-large is-style-rounded\"><a href=\"https:\/\/www.bistroujendy.cz\/wp-content\/uploads\/2023\/03\/IMG_20230216_124325-scaled.jpg\"><img loading=\"lazy\" decoding=\"async\" width=\"1024\" height=\"757\" data-id=\"3394\" src=\"https:\/\/www.bistroujendy.cz\/wp-content\/uploads\/2023\/03\/IMG_20230216_124325-1024x757.jpg\" alt=\"\" class=\"wp-image-3394\" srcset=\"https:\/\/www.bistroujendy.cz\/wp-content\/uploads\/2023\/03\/IMG_20230216_124325-1024x757.jpg 1024w, https:\/\/www.bistroujendy.cz\/wp-content\/uploads\/2023\/03\/IMG_20230216_124325-300x222.jpg 300w, https:\/\/www.bistroujendy.cz\/wp-content\/uploads\/2023\/03\/IMG_20230216_124325-768x568.jpg 768w, https:\/\/www.bistroujendy.cz\/wp-content\/uploads\/2023\/03\/IMG_20230216_124325-1536x1135.jpg 1536w, https:\/\/www.bistroujendy.cz\/wp-content\/uploads\/2023\/03\/IMG_20230216_124325-2048x1514.jpg 2048w\" sizes=\"auto, (max-width: 1024px) 100vw, 1024px\" \/><\/a><\/figure>\n<\/figure>\n\n\n\n<p><\/p>\n","protected":false},"excerpt":{"rendered":"<p>Jsme V\u00e1m tak\u00e9 schopni p\u0159ipravit ob\u010derstven\u00ed na Va\u0161\u00ed oslavu, nebo jinou ud\u00e1lost. Objedn\u00e1vky p\u0159ij\u00edm\u00e1me nejpozd\u011bji 5 dn\u00ed p\u0159edem. SLAN\u00c9 Kanapky 20 K\u010d \/ 1 ks Chleb\u00ed\u010dky 28 K\u010d \/ 1ks Oblo\u017een\u00e1 m\u00edsa 1 kg \/ 2kg : \u0160nity: 1 kg = 450 K\u010d ( ku\u0159ec\u00ed, vep\u0159ov\u00e9, mix)<\/p>\n","protected":false},"author":1,"featured_media":0,"parent":0,"menu_order":0,"comment_status":"closed","ping_status":"closed","template":"full-width-page.php","meta":{"footnotes":""},"class_list":["post-3388","page","type-page","status-publish","hentry"],"_links":{"self":[{"href":"https:\/\/www.bistroujendy.cz\/index.php?rest_route=\/wp\/v2\/pages\/3388","targetHints":{"allow":["GET"]}}],"collection":[{"href":"https:\/\/www.bistroujendy.cz\/index.php?rest_route=\/wp\/v2\/pages"}],"about":[{"href":"https:\/\/www.bistroujendy.cz\/index.php?rest_route=\/wp\/v2\/types\/page"}],"author":[{"embeddable":true,"href":"https:\/\/www.bistroujendy.cz\/index.php?rest_route=\/wp\/v2\/users\/1"}],"replies":[{"embeddable":true,"href":"https:\/\/www.bistroujendy.cz\/index.php?rest_route=%2Fwp%2Fv2%2Fcomments&post=3388"}],"version-history":[{"count":12,"href":"https:\/\/www.bistroujendy.cz\/index.php?rest_route=\/wp\/v2\/pages\/3388\/revisions"}],"predecessor-version":[{"id":3776,"href":"https:\/\/www.bistroujendy.cz\/index.php?rest_route=\/wp\/v2\/pages\/3388\/revisions\/3776"}],"wp:attachment":[{"href":"https:\/\/www.bistroujendy.cz\/index.php?rest_route=%2Fwp%2Fv2%2Fmedia&parent=3388"}],"curies":[{"name":"wp","href":"https:\/\/api.w.org\/{rel}","templated":true}]}}